{"id":8280,"date":"2022-12-30T18:09:54","date_gmt":"2022-12-30T17:09:54","guid":{"rendered":"https:\/\/neverlandreborn.com\/?post_type=product&#038;p=8280"},"modified":"2024-07-29T19:16:08","modified_gmt":"2024-07-29T17:16:08","slug":"custom-order-luli-by-adrie-stoete","status":"publish","type":"product","link":"https:\/\/neverlandreborn.com\/es\/producto\/custom-order-luli-by-adrie-stoete\/","title":{"rendered":"PEDIDO PERSONALIZADO Luli de Adrie Stoete beb\u00e9 reborn de edici\u00f3n limitada"},"content":{"rendered":"<p>Se trata de un pedido personalizado del kit Luli de Adrie Stoete. Est\u00e1s a punto de adoptar un beb\u00e9 reborn de alta gama personalizado especialmente para ti. Cada reborn es \u00fanico y tiene un largo proceso artesanal detr\u00e1s.<\/p>\n<h3>Detalles<\/h3>\n<p>Luli de Adrie Stoete es una edici\u00f3n limitada que incluye certificado de autenticidad (COA).<\/p>\n<p>Sus extremidades son de vinilo, y tiene brazos y piernas 3\/4. El cuerpo es de tela, y est\u00e1 relleno de miraguano y microesferas de vidrio, para emular el peso de un beb\u00e9 real. Es de tama\u00f1o prematuro y mide aproximadamente 18 pulgadas (46 cm).<\/p>\n<p>Este beb\u00e9 tiene los ojos abiertos e incluye ojos de cristal realistas del color que elijas.<\/p>\n<p>Tambi\u00e9n incluye un im\u00e1n dentro de la boca para llevar un chupete magn\u00e9tico. Por favor, av\u00edsame si no quieres que se incluya el im\u00e1n. Las personas con marcapasos, aud\u00edfonos u objetos met\u00e1licos en el cuerpo deben tener especial cuidado.<\/p>\n<h3>Tipo de cabello<\/h3>\n<p>\u2022 Cabello injertado: Utilizo mohair de gran calidad y la t\u00e9cnica de mono-rooting. Posteriormente, sello el cabello desde el interior de la cabecita para que perdure en el tiempo. Si quieres una dosis de realismo, te recomiendo esta opci\u00f3n.<\/p>\n<h3>Personaliza tu reborn<\/h3>\n<p>Rellenando el siguiente formulario despu\u00e9s de tu compra, podr\u00e1s seleccionar los detalles de tu pedido personalizado del beb\u00e9 reborn Luli de Adrie Stoete, y completar su personalizaci\u00f3n. De lo contrario, lo crear\u00e9 a mi criterio. Con este formulario, tambi\u00e9n completar\u00e1s la informaci\u00f3n para el certificado de nacimiento de tu beb\u00e9:<br \/>\n\u2192 <a href=\"https:\/\/neverlandreborn.com\/es\/form-custom-order-reborn-baby\/\" target=\"_blank\" rel=\"noopener\">\"Formulario para elegir los detalles de tu beb\u00e9 reborn\"<\/a>.<\/p>\n<h3>Accesorios extra<\/h3>\n<p>No pierdas la oportunidad de a\u00f1adir accesorios extra a tu reborn. Los siguientes accesorios se incluir\u00e1n en la misma caja de tu reborn para que tengas una apertura de caja m\u00e1s completa y bonita:<br \/>\n\u2192 <a href=\"https:\/\/neverlandreborn.com\/es\/category-product\/extra-accessories\/\" target=\"_blank\" rel=\"noopener\">\"Ir a accesorios extra\"<\/a>.<\/p>\n<hr \/>\n<p>\u00a1AVISO IMPORTANTE! En algunos productos he usado im\u00e1genes del prototipo para mostrar diferentes ejemplos. Esto se debe a que todav\u00eda no dispongo de ejemplos propios de todos los kits. Las im\u00e1genes con mi logo son el resultado de mi trabajo, en mis redes sociales encontrar\u00e1s m\u00e1s ejemplos de mi estilo.<\/p>","protected":false},"excerpt":{"rendered":"<p>Este reborn es un pedido personalizado. Actualmente tengo lista de espera. En la parte superior de la web, puedes ver cu\u00e1ndo empezar\u00e9 a trabajar en tu pedido personalizado si realizas la compra ahora. Una vez que empiece, suelo tardar entre <strong>2-4 meses<\/strong> en tenerlo listo.<\/p>\n<p>Por favor, es IMPORTANTE que leas la descripci\u00f3n completa a continuaci\u00f3n antes de realizar tu compra. \u00a1Gracias!<\/p>","protected":false},"featured_media":8283,"template":"","meta":{"site-sidebar-layout":"default","site-content-layout":"default","ast-site-content-layout":"default","site-content-style":"default","site-sidebar-style":"default","ast-global-header-display":"","ast-banner-title-visibility":"","ast-main-header-display":"","ast-hfb-above-header-display":"","ast-hfb-below-header-display":"","ast-hfb-mobile-header-display":"","site-post-title":"","ast-breadcrumbs-content":"","ast-featured-img":"","footer-sml-layout":"","ast-disable-related-posts":"","theme-transparent-header-meta":"","adv-header-id-meta":"","stick-header-meta":"","header-above-stick-meta":"","header-main-stick-meta":"","header-below-stick-meta":"","astra-migrate-meta-layouts":"default","ast-page-background-enabled":"default","ast-page-background-meta":{"desktop":{"background-color":"","background-image":"","background-repeat":"repeat","background-position":"center center","background-size":"auto","background-attachment":"scroll","background-type":"","background-media":"","overlay-type":"","overlay-color":"","overlay-opacity":"","overlay-gradient":""},"tablet":{"background-color":"","background-image":"","background-repeat":"repeat","background-position":"center center","background-size":"auto","background-attachment":"scroll","background-type":"","background-media":"","overlay-type":"","overlay-color":"","overlay-opacity":"","overlay-gradient":""},"mobile":{"background-color":"","background-image":"","background-repeat":"repeat","background-position":"center center","background-size":"auto","background-attachment":"scroll","background-type":"","background-media":"","overlay-type":"","overlay-color":"","overlay-opacity":"","overlay-gradient":""}},"ast-content-background-meta":{"desktop":{"background-color":"var(--ast-global-color-5)","background-image":"","background-repeat":"repeat","background-position":"center center","background-size":"auto","background-attachment":"scroll","background-type":"","background-media":"","overlay-type":"","overlay-color":"","overlay-opacity":"","overlay-gradient":""},"tablet":{"background-color":"var(--ast-global-color-5)","background-image":"","background-repeat":"repeat","background-position":"center center","background-size":"auto","background-attachment":"scroll","background-type":"","background-media":"","overlay-type":"","overlay-color":"","overlay-opacity":"","overlay-gradient":""},"mobile":{"background-color":"var(--ast-global-color-5)","background-image":"","background-repeat":"repeat","background-position":"center center","background-size":"auto","background-attachment":"scroll","background-type":"","background-media":"","overlay-type":"","overlay-color":"","overlay-opacity":"","overlay-gradient":""}}},"product_brand":[],"product_cat":[240],"product_tag":[],"class_list":{"0":"post-8280","1":"product","2":"type-product","3":"status-publish","4":"has-post-thumbnail","6":"product_cat-sandrine","7":"desktop-align-center","8":"tablet-align-left","9":"mobile-align-left","11":"first","12":"outofstock","13":"taxable","14":"shipping-taxable","15":"purchasable","16":"product-type-variable"},"acf":[],"yoast_head":"<!-- This site is optimized with the Yoast SEO plugin v27.5 - https:\/\/yoast.com\/product\/yoast-seo-wordpress\/ -->\n<title>Custom order Luli by Adrie Stoete reborn baby - Neverlan Reborn<\/title>\n<meta name=\"description\" content=\"Custom order Luli by Adrie Stoete, reborn baby limited edition. High quality realistic doll with authenticity certificate.\" \/>\n<meta name=\"robots\" content=\"index, follow, max-snippet:-1, max-image-preview:large, max-video-preview:-1\" \/>\n<link rel=\"canonical\" href=\"https:\/\/neverlandreborn.com\/es\/producto\/custom-order-luli-by-adrie-stoete\/\" \/>\n<meta property=\"og:locale\" content=\"es_ES\" \/>\n<meta property=\"og:type\" content=\"article\" \/>\n<meta property=\"og:title\" content=\"Custom order Luli by Adrie Stoete reborn baby - Neverlan Reborn\" \/>\n<meta property=\"og:description\" content=\"Custom order Luli by Adrie Stoete, reborn baby limited edition. High quality realistic doll with authenticity certificate.\" \/>\n<meta property=\"og:url\" content=\"https:\/\/neverlandreborn.com\/es\/producto\/custom-order-luli-by-adrie-stoete\/\" \/>\n<meta property=\"og:site_name\" content=\"Neverlan Reborn\" \/>\n<meta property=\"article:publisher\" content=\"https:\/\/www.facebook.com\/neverlandreborn\/\" \/>\n<meta property=\"article:modified_time\" content=\"2024-07-29T17:16:08+00:00\" \/>\n<meta property=\"og:image\" content=\"https:\/\/neverlandreborn.com\/wp-content\/uploads\/2022\/12\/luli.jpg\" \/>\n\t<meta property=\"og:image:width\" content=\"1920\" \/>\n\t<meta property=\"og:image:height\" content=\"1920\" \/>\n\t<meta property=\"og:image:type\" content=\"image\/jpeg\" \/>\n<meta name=\"twitter:card\" content=\"summary_large_image\" \/>\n<meta name=\"twitter:label1\" content=\"Tiempo de lectura\" \/>\n\t<meta name=\"twitter:data1\" content=\"2 minutos\" \/>\n<script type=\"application\/ld+json\" class=\"yoast-schema-graph\">{\"@context\":\"https:\\\/\\\/schema.org\",\"@graph\":[{\"@type\":\"WebPage\",\"@id\":\"https:\\\/\\\/neverlandreborn.com\\\/product\\\/custom-order-luli-by-adrie-stoete\\\/\",\"url\":\"https:\\\/\\\/neverlandreborn.com\\\/product\\\/custom-order-luli-by-adrie-stoete\\\/\",\"name\":\"Custom order Luli by Adrie Stoete reborn baby - Neverlan Reborn\",\"isPartOf\":{\"@id\":\"https:\\\/\\\/neverlandreborn.com\\\/#website\"},\"primaryImageOfPage\":{\"@id\":\"https:\\\/\\\/neverlandreborn.com\\\/product\\\/custom-order-luli-by-adrie-stoete\\\/#primaryimage\"},\"image\":{\"@id\":\"https:\\\/\\\/neverlandreborn.com\\\/product\\\/custom-order-luli-by-adrie-stoete\\\/#primaryimage\"},\"thumbnailUrl\":\"https:\\\/\\\/neverlandreborn.com\\\/wp-content\\\/uploads\\\/2022\\\/12\\\/luli.jpg\",\"datePublished\":\"2022-12-30T17:09:54+00:00\",\"dateModified\":\"2024-07-29T17:16:08+00:00\",\"description\":\"Custom order Luli by Adrie Stoete, reborn baby limited edition. High quality realistic doll with authenticity certificate.\",\"breadcrumb\":{\"@id\":\"https:\\\/\\\/neverlandreborn.com\\\/product\\\/custom-order-luli-by-adrie-stoete\\\/#breadcrumb\"},\"inLanguage\":\"es\",\"potentialAction\":[{\"@type\":\"ReadAction\",\"target\":[\"https:\\\/\\\/neverlandreborn.com\\\/product\\\/custom-order-luli-by-adrie-stoete\\\/\"]}]},{\"@type\":\"ImageObject\",\"inLanguage\":\"es\",\"@id\":\"https:\\\/\\\/neverlandreborn.com\\\/product\\\/custom-order-luli-by-adrie-stoete\\\/#primaryimage\",\"url\":\"https:\\\/\\\/neverlandreborn.com\\\/wp-content\\\/uploads\\\/2022\\\/12\\\/luli.jpg\",\"contentUrl\":\"https:\\\/\\\/neverlandreborn.com\\\/wp-content\\\/uploads\\\/2022\\\/12\\\/luli.jpg\",\"width\":1920,\"height\":1920,\"caption\":\"luli by adrie stoete\"},{\"@type\":\"BreadcrumbList\",\"@id\":\"https:\\\/\\\/neverlandreborn.com\\\/product\\\/custom-order-luli-by-adrie-stoete\\\/#breadcrumb\",\"itemListElement\":[{\"@type\":\"ListItem\",\"position\":1,\"name\":\"Home\",\"item\":\"https:\\\/\\\/neverlandreborn.com\\\/\"},{\"@type\":\"ListItem\",\"position\":2,\"name\":\"Shop\",\"item\":\"https:\\\/\\\/neverlandreborn.com\\\/shop\\\/\"},{\"@type\":\"ListItem\",\"position\":3,\"name\":\"CUSTOM ORDER Luli by Adrie Stoete reborn baby limited edition\"}]},{\"@type\":\"WebSite\",\"@id\":\"https:\\\/\\\/neverlandreborn.com\\\/#website\",\"url\":\"https:\\\/\\\/neverlandreborn.com\\\/\",\"name\":\"Neverlan Reborn\",\"description\":\"Custom reborn babies, toddlers and fantasy reborns by Miriam J.\",\"publisher\":{\"@id\":\"https:\\\/\\\/neverlandreborn.com\\\/#organization\"},\"potentialAction\":[{\"@type\":\"SearchAction\",\"target\":{\"@type\":\"EntryPoint\",\"urlTemplate\":\"https:\\\/\\\/neverlandreborn.com\\\/?s={search_term_string}\"},\"query-input\":{\"@type\":\"PropertyValueSpecification\",\"valueRequired\":true,\"valueName\":\"search_term_string\"}}],\"inLanguage\":\"es\"},{\"@type\":\"Organization\",\"@id\":\"https:\\\/\\\/neverlandreborn.com\\\/#organization\",\"name\":\"Neverland Reborn\",\"alternateName\":\"NR\",\"url\":\"https:\\\/\\\/neverlandreborn.com\\\/\",\"logo\":{\"@type\":\"ImageObject\",\"inLanguage\":\"es\",\"@id\":\"https:\\\/\\\/neverlandreborn.com\\\/#\\\/schema\\\/logo\\\/image\\\/\",\"url\":\"https:\\\/\\\/neverlandreborn.com\\\/wp-content\\\/uploads\\\/2021\\\/12\\\/logo-never-1.png\",\"contentUrl\":\"https:\\\/\\\/neverlandreborn.com\\\/wp-content\\\/uploads\\\/2021\\\/12\\\/logo-never-1.png\",\"width\":1500,\"height\":1500,\"caption\":\"Neverland Reborn\"},\"image\":{\"@id\":\"https:\\\/\\\/neverlandreborn.com\\\/#\\\/schema\\\/logo\\\/image\\\/\"},\"sameAs\":[\"https:\\\/\\\/www.facebook.com\\\/neverlandreborn\\\/\",\"https:\\\/\\\/www.instagram.com\\\/neverlandreborn\\\/\",\"https:\\\/\\\/www.pinterest.es\\\/neverlandreborn\\\/\",\"https:\\\/\\\/www.tiktok.com\\\/@neverlandreborn\",\"https:\\\/\\\/www.etsy.com\\\/shop\\\/NeverlandReborn\\\/\"]}]}<\/script>\n<!-- \/ Yoast SEO plugin. -->","yoast_head_json":{"title":"Custom order Luli by Adrie Stoete reborn baby - Neverlan Reborn","description":"Custom order Luli by Adrie Stoete, reborn baby limited edition. High quality realistic doll with authenticity certificate.","robots":{"index":"index","follow":"follow","max-snippet":"max-snippet:-1","max-image-preview":"max-image-preview:large","max-video-preview":"max-video-preview:-1"},"canonical":"https:\/\/neverlandreborn.com\/es\/producto\/custom-order-luli-by-adrie-stoete\/","og_locale":"es_ES","og_type":"article","og_title":"Custom order Luli by Adrie Stoete reborn baby - Neverlan Reborn","og_description":"Custom order Luli by Adrie Stoete, reborn baby limited edition. High quality realistic doll with authenticity certificate.","og_url":"https:\/\/neverlandreborn.com\/es\/producto\/custom-order-luli-by-adrie-stoete\/","og_site_name":"Neverlan Reborn","article_publisher":"https:\/\/www.facebook.com\/neverlandreborn\/","article_modified_time":"2024-07-29T17:16:08+00:00","og_image":[{"width":1920,"height":1920,"url":"https:\/\/neverlandreborn.com\/wp-content\/uploads\/2022\/12\/luli.jpg","type":"image\/jpeg"}],"twitter_card":"summary_large_image","twitter_misc":{"Tiempo de lectura":"2 minutos"},"schema":{"@context":"https:\/\/schema.org","@graph":[{"@type":"WebPage","@id":"https:\/\/neverlandreborn.com\/product\/custom-order-luli-by-adrie-stoete\/","url":"https:\/\/neverlandreborn.com\/product\/custom-order-luli-by-adrie-stoete\/","name":"Custom order Luli by Adrie Stoete reborn baby - Neverlan Reborn","isPartOf":{"@id":"https:\/\/neverlandreborn.com\/#website"},"primaryImageOfPage":{"@id":"https:\/\/neverlandreborn.com\/product\/custom-order-luli-by-adrie-stoete\/#primaryimage"},"image":{"@id":"https:\/\/neverlandreborn.com\/product\/custom-order-luli-by-adrie-stoete\/#primaryimage"},"thumbnailUrl":"https:\/\/neverlandreborn.com\/wp-content\/uploads\/2022\/12\/luli.jpg","datePublished":"2022-12-30T17:09:54+00:00","dateModified":"2024-07-29T17:16:08+00:00","description":"Custom order Luli by Adrie Stoete, reborn baby limited edition. High quality realistic doll with authenticity certificate.","breadcrumb":{"@id":"https:\/\/neverlandreborn.com\/product\/custom-order-luli-by-adrie-stoete\/#breadcrumb"},"inLanguage":"es","potentialAction":[{"@type":"ReadAction","target":["https:\/\/neverlandreborn.com\/product\/custom-order-luli-by-adrie-stoete\/"]}]},{"@type":"ImageObject","inLanguage":"es","@id":"https:\/\/neverlandreborn.com\/product\/custom-order-luli-by-adrie-stoete\/#primaryimage","url":"https:\/\/neverlandreborn.com\/wp-content\/uploads\/2022\/12\/luli.jpg","contentUrl":"https:\/\/neverlandreborn.com\/wp-content\/uploads\/2022\/12\/luli.jpg","width":1920,"height":1920,"caption":"luli by adrie stoete"},{"@type":"BreadcrumbList","@id":"https:\/\/neverlandreborn.com\/product\/custom-order-luli-by-adrie-stoete\/#breadcrumb","itemListElement":[{"@type":"ListItem","position":1,"name":"Home","item":"https:\/\/neverlandreborn.com\/"},{"@type":"ListItem","position":2,"name":"Shop","item":"https:\/\/neverlandreborn.com\/shop\/"},{"@type":"ListItem","position":3,"name":"CUSTOM ORDER Luli by Adrie Stoete reborn baby limited edition"}]},{"@type":"WebSite","@id":"https:\/\/neverlandreborn.com\/#website","url":"https:\/\/neverlandreborn.com\/","name":"Neverlan Reborn","description":"Custom reborn babies, toddlers and fantasy reborns by Miriam J.","publisher":{"@id":"https:\/\/neverlandreborn.com\/#organization"},"potentialAction":[{"@type":"SearchAction","target":{"@type":"EntryPoint","urlTemplate":"https:\/\/neverlandreborn.com\/?s={search_term_string}"},"query-input":{"@type":"PropertyValueSpecification","valueRequired":true,"valueName":"search_term_string"}}],"inLanguage":"es"},{"@type":"Organization","@id":"https:\/\/neverlandreborn.com\/#organization","name":"Neverland Reborn","alternateName":"NR","url":"https:\/\/neverlandreborn.com\/","logo":{"@type":"ImageObject","inLanguage":"es","@id":"https:\/\/neverlandreborn.com\/#\/schema\/logo\/image\/","url":"https:\/\/neverlandreborn.com\/wp-content\/uploads\/2021\/12\/logo-never-1.png","contentUrl":"https:\/\/neverlandreborn.com\/wp-content\/uploads\/2021\/12\/logo-never-1.png","width":1500,"height":1500,"caption":"Neverland Reborn"},"image":{"@id":"https:\/\/neverlandreborn.com\/#\/schema\/logo\/image\/"},"sameAs":["https:\/\/www.facebook.com\/neverlandreborn\/","https:\/\/www.instagram.com\/neverlandreborn\/","https:\/\/www.pinterest.es\/neverlandreborn\/","https:\/\/www.tiktok.com\/@neverlandreborn","https:\/\/www.etsy.com\/shop\/NeverlandReborn\/"]}]}},"_links":{"self":[{"href":"https:\/\/neverlandreborn.com\/es\/wp-json\/wp\/v2\/product\/8280","targetHints":{"allow":["GET"]}}],"collection":[{"href":"https:\/\/neverlandreborn.com\/es\/wp-json\/wp\/v2\/product"}],"about":[{"href":"https:\/\/neverlandreborn.com\/es\/wp-json\/wp\/v2\/types\/product"}],"wp:featuredmedia":[{"embeddable":true,"href":"https:\/\/neverlandreborn.com\/es\/wp-json\/wp\/v2\/media\/8283"}],"wp:attachment":[{"href":"https:\/\/neverlandreborn.com\/es\/wp-json\/wp\/v2\/media?parent=8280"}],"wp:term":[{"taxonomy":"product_brand","embeddable":true,"href":"https:\/\/neverlandreborn.com\/es\/wp-json\/wp\/v2\/product_brand?post=8280"},{"taxonomy":"product_cat","embeddable":true,"href":"https:\/\/neverlandreborn.com\/es\/wp-json\/wp\/v2\/product_cat?post=8280"},{"taxonomy":"product_tag","embeddable":true,"href":"https:\/\/neverlandreborn.com\/es\/wp-json\/wp\/v2\/product_tag?post=8280"}],"curies":[{"name":"wp","href":"https:\/\/api.w.org\/{rel}","templated":true}]}}